{"id":9,"date":"2024-08-21T10:11:01","date_gmt":"2024-08-21T09:11:01","guid":{"rendered":"https:\/\/propertypartnersportal.ie\/property-partners-darragh-o-se\/about\/"},"modified":"2024-12-18T12:24:07","modified_gmt":"2024-12-18T12:24:07","slug":"about","status":"publish","type":"page","link":"https:\/\/propertypartners.ie\/property-partners-darragh-o-se\/about\/","title":{"rendered":"About Us"},"content":{"rendered":"\n<div style=\"height:24px\" aria-hidden=\"true\" class=\"wp-block-spacer\"><\/div>\n\n\n\n<h2 class=\"wp-block-heading has-text-align-center\" style=\"font-size:28px;font-style:normal;font-weight:400\">About <span style=\"color:#C8102E\">Property Partners Darragh \u00d3 S\u00e9<\/span><\/h2>\n\n\n\n<div style=\"height:24px\" aria-hidden=\"true\" class=\"wp-block-spacer\"><\/div>\n\n\n\n<div class=\"wp-block-columns is-layout-flex wp-container-core-columns-is-layout-28f84493 wp-block-columns-is-layout-flex\">\n<div class=\"wp-block-column is-layout-flow wp-block-column-is-layout-flow\">\n<figure class=\"wp-block-image size-full is-resized has-custom-border is-style-paper\"><img loading=\"lazy\" decoding=\"async\" width=\"779\" height=\"535\" src=\"https:\/\/propertypartners.ie\/property-partners-darragh-o-se\/wp-content\/uploads\/sites\/7\/2024\/08\/PP_Slider0-e1727380126800.jpg\" alt=\"\" class=\"wp-image-40\" style=\"border-radius:16px;width:auto;height:428px\" srcset=\"https:\/\/propertypartners.ie\/property-partners-darragh-o-se\/wp-content\/uploads\/sites\/7\/2024\/08\/PP_Slider0-e1727380126800.jpg 779w, https:\/\/propertypartners.ie\/property-partners-darragh-o-se\/wp-content\/uploads\/sites\/7\/2024\/08\/PP_Slider0-e1727380126800-300x206.jpg 300w, https:\/\/propertypartners.ie\/property-partners-darragh-o-se\/wp-content\/uploads\/sites\/7\/2024\/08\/PP_Slider0-e1727380126800-768x527.jpg 768w\" sizes=\"auto, (max-width: 779px) 100vw, 779px\" \/><\/figure>\n<\/div>\n\n\n\n<div class=\"wp-block-column is-vertically-aligned-center is-layout-flow wp-block-column-is-layout-flow\">\n<div class=\"wp-block-group pp--shadow has-background is-layout-constrained wp-container-core-group-is-layout-52009084 wp-block-group-is-layout-constrained\" style=\"border-radius:16px;background-color:#eeeeee;min-height:394px;padding-top:var(--wp--preset--spacing--40);padding-right:var(--wp--preset--spacing--40);padding-bottom:var(--wp--preset--spacing--40);padding-left:var(--wp--preset--spacing--40)\">\n<h2 class=\"wp-block-heading\" style=\"font-style:normal;font-weight:400\">Property Partners Darragh \u00d3 S\u00e9<\/h2>\n\n\n\n<p style=\"font-style:normal;font-weight:300\">Darragh \u00d3 S\u00e9, MIPAV, has a wealth of experience and knowledge of the property industry with nearly 20 years&#8217; experience in the sector. Our dedicated team based in Denny Street., Tralee are passionate about delivering first class customer service where the Client always comes first.<\/p>\n\n\n\n<p style=\"font-style:normal;font-weight:300\">Property Partners Darragh \u00d3 S\u00e9 are experts in Residential, Commercial and Agri Sales, New Home Developments, Letting of Rental Properties and Commercial Property Management. We are leading providers of Commercial and Residential Valuations and are on Financial Institution and Receiver panels for Tegova Blue Book Valuations.<\/p>\n\n\n\n<details class=\"wp-block-details is-layout-flow wp-block-details-is-layout-flow\"><summary>Read more &#8230;<\/summary>\n<p style=\"font-style:normal;font-weight:300\">We are a proud member of the Property Partners Group nationally and we cover the whole of County Kerry, West Cork, Limerick and further afield if the need arises.<\/p>\n\n\n\n<p style=\"font-style:normal;font-weight:300\">If you are looking for an Agency that can provide local expertise with a national reach and people you can trust then look no further! &#8211; choose Property Partners Darragh \u00d3 S\u00e9.<\/p>\n\n\n\n<p style=\"font-style:normal;font-weight:300\">Office: 066 7127 644<\/p>\n\n\n\n<p style=\"font-style:normal;font-weight:300\">Auctioneer: Darragh \u00d3 S\u00e9 087 653 6041<\/p>\n\n\n\n<p style=\"font-style:normal;font-weight:300\">Office Manager: Muriel Hanafin 087 364 2543<\/p>\n<\/details>\n<\/div>\n<\/div>\n<\/div>\n\n\n\n<div style=\"height:48px\" aria-hidden=\"true\" class=\"wp-block-spacer\"><\/div>\n\n\n\n\n\n<div class=\"wp-block-cover alignfull\" style=\"min-height:100px;aspect-ratio:unset;\"><span aria-hidden=\"true\" class=\"wp-block-cover__background has-pp-red-background-color has-background-dim-100 has-background-dim\"><\/span><div class=\"wp-block-cover__inner-container is-layout-constrained wp-block-cover-is-layout-constrained\">\n<p class=\"has-text-align-center\" style=\"font-size:28px;font-style:normal;font-weight:400\">Meet The Team<\/p>\n<\/div><\/div>\n\n\n\n<div style=\"height:48px\" aria-hidden=\"true\" class=\"wp-block-spacer\"><\/div>\n\n\n\n<div class=\"wp-block-group is-layout-constrained wp-block-group-is-layout-constrained\">\n<div class=\"wp-block-columns is-layout-flex wp-container-core-columns-is-layout-28f84493 wp-block-columns-is-layout-flex\">\n<div class=\"wp-block-column is-layout-flow wp-block-column-is-layout-flow\" style=\"padding-bottom:var(--wp--preset--spacing--40)\">\n<figure class=\"wp-block-image size-full has-custom-border is-style-paper\"><img loading=\"lazy\" decoding=\"async\" width=\"1707\" height=\"2560\" src=\"https:\/\/propertypartners.ie\/property-partners-darragh-o-se\/wp-content\/uploads\/sites\/7\/2024\/12\/Darragh-Final-scaled.jpg\" alt=\"\" class=\"wp-image-150\" style=\"border-radius:16px\" srcset=\"https:\/\/propertypartners.ie\/property-partners-darragh-o-se\/wp-content\/uploads\/sites\/7\/2024\/12\/Darragh-Final-scaled.jpg 1707w, https:\/\/propertypartners.ie\/property-partners-darragh-o-se\/wp-content\/uploads\/sites\/7\/2024\/12\/Darragh-Final-200x300.jpg 200w, https:\/\/propertypartners.ie\/property-partners-darragh-o-se\/wp-content\/uploads\/sites\/7\/2024\/12\/Darragh-Final-683x1024.jpg 683w, https:\/\/propertypartners.ie\/property-partners-darragh-o-se\/wp-content\/uploads\/sites\/7\/2024\/12\/Darragh-Final-768x1152.jpg 768w\" sizes=\"auto, (max-width: 1707px) 100vw, 1707px\" \/><\/figure>\n\n\n\n<h3 class=\"wp-block-heading\" style=\"text-transform:capitalize\">Darragh O Se<\/h3>\n\n\n\n<div class=\"wp-block-group is-content-justification-left is-nowrap is-layout-flex wp-container-core-group-is-layout-fc9f69e7 wp-block-group-is-layout-flex\">\n<div class=\"wp-block-outermost-icon-block items-justified-right\"><a class=\"icon-container has-icon-color has-icon-background-color has-pp-red-background-color has-pp-white-color\" href=\"mailto:darraghose@propertypartners.ie\" style=\"background-color:#C8102E;color:#FFFFFF;width:36px;padding-top:var(--wp--preset--spacing--20);padding-right:var(--wp--preset--spacing--20);padding-bottom:var(--wp--preset--spacing--20);padding-left:var(--wp--preset--spacing--20);border-radius:36px;transform:rotate(0deg) scaleX(1) scaleY(1)\"><svg xmlns=\"http:\/\/www.w3.org\/2000\/svg\" viewBox=\"0 0 512 512\"><path d=\"M48 64C21.5 64 0 85.5 0 112c0 15.1 7.1 29.3 19.2 38.4L236.8 313.6c11.4 8.5 27 8.5 38.4 0L492.8 150.4c12.1-9.1 19.2-23.3 19.2-38.4c0-26.5-21.5-48-48-48L48 64zM0 176L0 384c0 35.3 28.7 64 64 64l384 0c35.3 0 64-28.7 64-64l0-208L294.4 339.2c-22.8 17.1-54 17.1-76.8 0L0 176z\"><\/path><\/svg><\/a><\/div>\n\n\n\n<div class=\"wp-block-group is-content-justification-center is-nowrap is-layout-flex wp-container-core-group-is-layout-23441af8 wp-block-group-is-layout-flex\">\n<div class=\"wp-block-outermost-icon-block items-justified-right\"><a class=\"icon-container has-icon-color has-icon-background-color has-pp-red-background-color has-pp-white-color\" href=\"tel:0667127644\" style=\"background-color:#C8102E;color:#FFFFFF;width:36px;padding-top:var(--wp--preset--spacing--20);padding-right:var(--wp--preset--spacing--20);padding-bottom:var(--wp--preset--spacing--20);padding-left:var(--wp--preset--spacing--20);border-radius:36px;transform:rotate(0deg) scaleX(1) scaleY(1)\"><svg xmlns=\"http:\/\/www.w3.org\/2000\/svg\" viewBox=\"0 0 512 512\"><path d=\"M164.9 24.6c-7.7-18.6-28-28.5-47.4-23.2l-88 24C12.1 30.2 0 46 0 64C0 311.4 200.6 512 448 512c18 0 33.8-12.1 38.6-29.5l24-88c5.3-19.4-4.6-39.7-23.2-47.4l-96-40c-16.3-6.8-35.2-2.1-46.3 11.6L304.7 368C234.3 334.7 177.3 277.7 144 207.3L193.3 167c13.7-11.2 18.4-30 11.6-46.3l-40-96z\"><\/path><\/svg><\/a><\/div>\n<\/div>\n<\/div>\n<\/div>\n\n\n\n<div class=\"wp-block-column is-layout-flow wp-block-column-is-layout-flow\" style=\"padding-bottom:var(--wp--preset--spacing--40)\">\n<figure class=\"wp-block-image size-full has-custom-border is-style-paper\"><img loading=\"lazy\" decoding=\"async\" width=\"1707\" height=\"2560\" src=\"https:\/\/propertypartners.ie\/property-partners-darragh-o-se\/wp-content\/uploads\/sites\/7\/2024\/12\/Muriel-Final-scaled.jpg\" alt=\"\" class=\"wp-image-151\" style=\"border-radius:16px\" srcset=\"https:\/\/propertypartners.ie\/property-partners-darragh-o-se\/wp-content\/uploads\/sites\/7\/2024\/12\/Muriel-Final-scaled.jpg 1707w, https:\/\/propertypartners.ie\/property-partners-darragh-o-se\/wp-content\/uploads\/sites\/7\/2024\/12\/Muriel-Final-200x300.jpg 200w, https:\/\/propertypartners.ie\/property-partners-darragh-o-se\/wp-content\/uploads\/sites\/7\/2024\/12\/Muriel-Final-683x1024.jpg 683w, https:\/\/propertypartners.ie\/property-partners-darragh-o-se\/wp-content\/uploads\/sites\/7\/2024\/12\/Muriel-Final-768x1152.jpg 768w\" sizes=\"auto, (max-width: 1707px) 100vw, 1707px\" \/><\/figure>\n\n\n\n<h3 class=\"wp-block-heading\" style=\"text-transform:capitalize\">Muriel Hanafin<\/h3>\n\n\n\n<div class=\"wp-block-group is-content-justification-left is-nowrap is-layout-flex wp-container-core-group-is-layout-fc9f69e7 wp-block-group-is-layout-flex\">\n<div class=\"wp-block-outermost-icon-block items-justified-right\"><a class=\"icon-container has-icon-color has-icon-background-color has-pp-red-background-color has-pp-white-color\" href=\"mailto:darraghose@propertypartners.ie\" style=\"background-color:#C8102E;color:#FFFFFF;width:36px;padding-top:var(--wp--preset--spacing--20);padding-right:var(--wp--preset--spacing--20);padding-bottom:var(--wp--preset--spacing--20);padding-left:var(--wp--preset--spacing--20);border-radius:36px;transform:rotate(0deg) scaleX(1) scaleY(1)\"><svg xmlns=\"http:\/\/www.w3.org\/2000\/svg\" viewBox=\"0 0 512 512\"><path d=\"M48 64C21.5 64 0 85.5 0 112c0 15.1 7.1 29.3 19.2 38.4L236.8 313.6c11.4 8.5 27 8.5 38.4 0L492.8 150.4c12.1-9.1 19.2-23.3 19.2-38.4c0-26.5-21.5-48-48-48L48 64zM0 176L0 384c0 35.3 28.7 64 64 64l384 0c35.3 0 64-28.7 64-64l0-208L294.4 339.2c-22.8 17.1-54 17.1-76.8 0L0 176z\"><\/path><\/svg><\/a><\/div>\n\n\n\n<div class=\"wp-block-group is-content-justification-center is-nowrap is-layout-flex wp-container-core-group-is-layout-23441af8 wp-block-group-is-layout-flex\">\n<div class=\"wp-block-outermost-icon-block items-justified-right\"><a class=\"icon-container has-icon-color has-icon-background-color has-pp-red-background-color has-pp-white-color\" href=\"tel:0667127644\" style=\"background-color:#C8102E;color:#FFFFFF;width:36px;padding-top:var(--wp--preset--spacing--20);padding-right:var(--wp--preset--spacing--20);padding-bottom:var(--wp--preset--spacing--20);padding-left:var(--wp--preset--spacing--20);border-radius:36px;transform:rotate(0deg) scaleX(1) scaleY(1)\"><svg xmlns=\"http:\/\/www.w3.org\/2000\/svg\" viewBox=\"0 0 512 512\"><path d=\"M164.9 24.6c-7.7-18.6-28-28.5-47.4-23.2l-88 24C12.1 30.2 0 46 0 64C0 311.4 200.6 512 448 512c18 0 33.8-12.1 38.6-29.5l24-88c5.3-19.4-4.6-39.7-23.2-47.4l-96-40c-16.3-6.8-35.2-2.1-46.3 11.6L304.7 368C234.3 334.7 177.3 277.7 144 207.3L193.3 167c13.7-11.2 18.4-30 11.6-46.3l-40-96z\"><\/path><\/svg><\/a><\/div>\n<\/div>\n<\/div>\n<\/div>\n\n\n\n<div class=\"wp-block-column is-layout-flow wp-block-column-is-layout-flow\" style=\"padding-bottom:var(--wp--preset--spacing--40)\">\n<figure class=\"wp-block-image size-full has-custom-border is-style-paper\"><img loading=\"lazy\" decoding=\"async\" width=\"1707\" height=\"2560\" src=\"https:\/\/propertypartners.ie\/property-partners-darragh-o-se\/wp-content\/uploads\/sites\/7\/2024\/12\/Sinead-Final-scaled.jpg\" alt=\"\" class=\"wp-image-152\" style=\"border-radius:16px\" srcset=\"https:\/\/propertypartners.ie\/property-partners-darragh-o-se\/wp-content\/uploads\/sites\/7\/2024\/12\/Sinead-Final-scaled.jpg 1707w, https:\/\/propertypartners.ie\/property-partners-darragh-o-se\/wp-content\/uploads\/sites\/7\/2024\/12\/Sinead-Final-200x300.jpg 200w, https:\/\/propertypartners.ie\/property-partners-darragh-o-se\/wp-content\/uploads\/sites\/7\/2024\/12\/Sinead-Final-683x1024.jpg 683w, https:\/\/propertypartners.ie\/property-partners-darragh-o-se\/wp-content\/uploads\/sites\/7\/2024\/12\/Sinead-Final-768x1152.jpg 768w\" sizes=\"auto, (max-width: 1707px) 100vw, 1707px\" \/><\/figure>\n\n\n\n<h3 class=\"wp-block-heading\" style=\"text-transform:capitalize\">Sinead Harrington<\/h3>\n\n\n\n<div class=\"wp-block-group is-content-justification-left is-nowrap is-layout-flex wp-container-core-group-is-layout-fc9f69e7 wp-block-group-is-layout-flex\">\n<div class=\"wp-block-outermost-icon-block items-justified-right\"><a class=\"icon-container has-icon-color has-icon-background-color has-pp-red-background-color has-pp-white-color\" href=\"mailto:darraghose@propertypartners.ie\" style=\"background-color:#C8102E;color:#FFFFFF;width:36px;padding-top:var(--wp--preset--spacing--20);padding-right:var(--wp--preset--spacing--20);padding-bottom:var(--wp--preset--spacing--20);padding-left:var(--wp--preset--spacing--20);border-radius:36px;transform:rotate(0deg) scaleX(1) scaleY(1)\"><svg xmlns=\"http:\/\/www.w3.org\/2000\/svg\" viewBox=\"0 0 512 512\"><path d=\"M48 64C21.5 64 0 85.5 0 112c0 15.1 7.1 29.3 19.2 38.4L236.8 313.6c11.4 8.5 27 8.5 38.4 0L492.8 150.4c12.1-9.1 19.2-23.3 19.2-38.4c0-26.5-21.5-48-48-48L48 64zM0 176L0 384c0 35.3 28.7 64 64 64l384 0c35.3 0 64-28.7 64-64l0-208L294.4 339.2c-22.8 17.1-54 17.1-76.8 0L0 176z\"><\/path><\/svg><\/a><\/div>\n\n\n\n<div class=\"wp-block-group is-content-justification-center is-nowrap is-layout-flex wp-container-core-group-is-layout-23441af8 wp-block-group-is-layout-flex\">\n<div class=\"wp-block-outermost-icon-block items-justified-right\"><a class=\"icon-container has-icon-color has-icon-background-color has-pp-red-background-color has-pp-white-color\" href=\"tel:0667127644\" style=\"background-color:#C8102E;color:#FFFFFF;width:36px;padding-top:var(--wp--preset--spacing--20);padding-right:var(--wp--preset--spacing--20);padding-bottom:var(--wp--preset--spacing--20);padding-left:var(--wp--preset--spacing--20);border-radius:36px;transform:rotate(0deg) scaleX(1) scaleY(1)\"><svg xmlns=\"http:\/\/www.w3.org\/2000\/svg\" viewBox=\"0 0 512 512\"><path d=\"M164.9 24.6c-7.7-18.6-28-28.5-47.4-23.2l-88 24C12.1 30.2 0 46 0 64C0 311.4 200.6 512 448 512c18 0 33.8-12.1 38.6-29.5l24-88c5.3-19.4-4.6-39.7-23.2-47.4l-96-40c-16.3-6.8-35.2-2.1-46.3 11.6L304.7 368C234.3 334.7 177.3 277.7 144 207.3L193.3 167c13.7-11.2 18.4-30 11.6-46.3l-40-96z\"><\/path><\/svg><\/a><\/div>\n<\/div>\n<\/div>\n<\/div>\n<\/div>\n<\/div>\n\n\n\n<div style=\"height:48px\" aria-hidden=\"true\" class=\"wp-block-spacer\"><\/div>\n","protected":false},"excerpt":{"rendered":"<p>About Property Partners Darragh \u00d3 S\u00e9 Property Partners Darragh \u00d3 S\u00e9 Darragh \u00d3 S\u00e9, MIPAV, has a wealth of experience [&hellip;]<\/p>\n","protected":false},"author":2,"featured_media":0,"parent":0,"menu_order":0,"comment_status":"closed","ping_status":"closed","template":"page-landing.php","meta":{"footnotes":""},"class_list":["post-9","page","type-page","status-publish","hentry"],"_links":{"self":[{"href":"https:\/\/propertypartners.ie\/property-partners-darragh-o-se\/wp-json\/wp\/v2\/pages\/9","targetHints":{"allow":["GET"]}}],"collection":[{"href":"https:\/\/propertypartners.ie\/property-partners-darragh-o-se\/wp-json\/wp\/v2\/pages"}],"about":[{"href":"https:\/\/propertypartners.ie\/property-partners-darragh-o-se\/wp-json\/wp\/v2\/types\/page"}],"author":[{"embeddable":true,"href":"https:\/\/propertypartners.ie\/property-partners-darragh-o-se\/wp-json\/wp\/v2\/users\/2"}],"replies":[{"embeddable":true,"href":"https:\/\/propertypartners.ie\/property-partners-darragh-o-se\/wp-json\/wp\/v2\/comments?post=9"}],"version-history":[{"count":5,"href":"https:\/\/propertypartners.ie\/property-partners-darragh-o-se\/wp-json\/wp\/v2\/pages\/9\/revisions"}],"predecessor-version":[{"id":154,"href":"https:\/\/propertypartners.ie\/property-partners-darragh-o-se\/wp-json\/wp\/v2\/pages\/9\/revisions\/154"}],"wp:attachment":[{"href":"https:\/\/propertypartners.ie\/property-partners-darragh-o-se\/wp-json\/wp\/v2\/media?parent=9"}],"curies":[{"name":"wp","href":"https:\/\/api.w.org\/{rel}","templated":true}]}}